{"id":37,"date":"2018-02-04T16:03:35","date_gmt":"2018-02-04T15:03:35","guid":{"rendered":"http:\/\/sakioz.sk\/?page_id=37"},"modified":"2024-11-24T12:38:56","modified_gmt":"2024-11-24T11:38:56","slug":"uvod","status":"publish","type":"page","link":"https:\/\/sakioz.sk\/","title":{"rendered":"\u00daVOD"},"content":{"rendered":"","protected":false},"excerpt":{"rendered":"","protected":false},"author":1,"featured_media":285,"parent":0,"menu_order":0,"comment_status":"closed","ping_status":"closed","template":"template-home.php","meta":{"footnotes":""},"class_list":["post-37","page","type-page","status-publish","has-post-thumbnail","hentry"],"yoast_head":"<!-- This site is optimized with the Yoast SEO plugin v25.9 - https:\/\/yoast.com\/wordpress\/plugins\/seo\/ -->\n<title>\u00daVOD - Spolo\u010dnos\u0165 alergol\u00f3gie a klinickej imunol\u00f3gie<\/title>\n<meta name=\"robots\" content=\"index, follow, max-snippet:-1, max-image-preview:large, max-video-preview:-1\" \/>\n<link rel=\"canonical\" href=\"https:\/\/sakioz.sk\/\" \/>\n<meta property=\"og:locale\" content=\"sk_SK\" \/>\n<meta property=\"og:type\" content=\"article\" \/>\n<meta property=\"og:title\" content=\"\u00daVOD - Spolo\u010dnos\u0165 alergol\u00f3gie a klinickej imunol\u00f3gie\" \/>\n<meta property=\"og:url\" content=\"https:\/\/sakioz.sk\/\" \/>\n<meta property=\"og:site_name\" content=\"Spolo\u010dnos\u0165 alergol\u00f3gie a klinickej imunol\u00f3gie\" \/>\n<meta property=\"article:modified_time\" content=\"2024-11-24T11:38:56+00:00\" \/>\n<meta property=\"og:image\" content=\"http:\/\/sakioz.sk\/wp-content\/uploads\/2024\/11\/DALL\u00b7E-2024-11-24-12.36.40-A-minimalist-and-modern-header-image-for-the-website-of-a-medical-association-focused-on-clinical-immunology-and-allergology.-The-design-features-a-so.webp\" \/>\n\t<meta property=\"og:image:width\" content=\"1792\" \/>\n\t<meta property=\"og:image:height\" content=\"1024\" \/>\n\t<meta property=\"og:image:type\" content=\"image\/webp\" \/>\n<meta name=\"twitter:card\" content=\"summary_large_image\" \/>\n<meta name=\"twitter:label1\" content=\"Predpokladan\u00fd \u010das \u010d\u00edtania\" \/>\n\t<meta name=\"twitter:data1\" content=\"1 min\u00fata\" \/>\n<script type=\"application\/ld+json\" class=\"yoast-schema-graph\">{\"@context\":\"https:\/\/schema.org\",\"@graph\":[{\"@type\":\"WebPage\",\"@id\":\"https:\/\/sakioz.sk\/\",\"url\":\"https:\/\/sakioz.sk\/\",\"name\":\"\u00daVOD - Spolo\u010dnos\u0165 alergol\u00f3gie a klinickej imunol\u00f3gie\",\"isPartOf\":{\"@id\":\"https:\/\/sakioz.sk\/#website\"},\"primaryImageOfPage\":{\"@id\":\"https:\/\/sakioz.sk\/#primaryimage\"},\"image\":{\"@id\":\"https:\/\/sakioz.sk\/#primaryimage\"},\"thumbnailUrl\":\"https:\/\/sakioz.sk\/wp-content\/uploads\/2024\/11\/DALL\u00b7E-2024-11-24-12.36.40-A-minimalist-and-modern-header-image-for-the-website-of-a-medical-association-focused-on-clinical-immunology-and-allergology.-The-design-features-a-so.webp\",\"datePublished\":\"2018-02-04T15:03:35+00:00\",\"dateModified\":\"2024-11-24T11:38:56+00:00\",\"breadcrumb\":{\"@id\":\"https:\/\/sakioz.sk\/#breadcrumb\"},\"inLanguage\":\"sk-SK\",\"potentialAction\":[{\"@type\":\"ReadAction\",\"target\":[\"https:\/\/sakioz.sk\/\"]}]},{\"@type\":\"ImageObject\",\"inLanguage\":\"sk-SK\",\"@id\":\"https:\/\/sakioz.sk\/#primaryimage\",\"url\":\"https:\/\/sakioz.sk\/wp-content\/uploads\/2024\/11\/DALL\u00b7E-2024-11-24-12.36.40-A-minimalist-and-modern-header-image-for-the-website-of-a-medical-association-focused-on-clinical-immunology-and-allergology.-The-design-features-a-so.webp\",\"contentUrl\":\"https:\/\/sakioz.sk\/wp-content\/uploads\/2024\/11\/DALL\u00b7E-2024-11-24-12.36.40-A-minimalist-and-modern-header-image-for-the-website-of-a-medical-association-focused-on-clinical-immunology-and-allergology.-The-design-features-a-so.webp\",\"width\":1792,\"height\":1024},{\"@type\":\"BreadcrumbList\",\"@id\":\"https:\/\/sakioz.sk\/#breadcrumb\",\"itemListElement\":[{\"@type\":\"ListItem\",\"position\":1,\"name\":\"Home\",\"item\":\"https:\/\/sakioz.sk\/\"},{\"@type\":\"ListItem\",\"position\":2,\"name\":\"\u00daVOD\"}]},{\"@type\":\"WebSite\",\"@id\":\"https:\/\/sakioz.sk\/#website\",\"url\":\"https:\/\/sakioz.sk\/\",\"name\":\"Spolo\u010dnos\u0165 alergol\u00f3gie a klinickej imunol\u00f3gie\",\"description\":\"... vzdel\u00e1vame sa\",\"potentialAction\":[{\"@type\":\"SearchAction\",\"target\":{\"@type\":\"EntryPoint\",\"urlTemplate\":\"https:\/\/sakioz.sk\/?s={search_term_string}\"},\"query-input\":{\"@type\":\"PropertyValueSpecification\",\"valueRequired\":true,\"valueName\":\"search_term_string\"}}],\"inLanguage\":\"sk-SK\"}]}<\/script>\n<!-- \/ Yoast SEO plugin. -->","yoast_head_json":{"title":"\u00daVOD - Spolo\u010dnos\u0165 alergol\u00f3gie a klinickej imunol\u00f3gie","robots":{"index":"index","follow":"follow","max-snippet":"max-snippet:-1","max-image-preview":"max-image-preview:large","max-video-preview":"max-video-preview:-1"},"canonical":"https:\/\/sakioz.sk\/","og_locale":"sk_SK","og_type":"article","og_title":"\u00daVOD - Spolo\u010dnos\u0165 alergol\u00f3gie a klinickej imunol\u00f3gie","og_url":"https:\/\/sakioz.sk\/","og_site_name":"Spolo\u010dnos\u0165 alergol\u00f3gie a klinickej imunol\u00f3gie","article_modified_time":"2024-11-24T11:38:56+00:00","og_image":[{"width":1792,"height":1024,"url":"http:\/\/sakioz.sk\/wp-content\/uploads\/2024\/11\/DALL\u00b7E-2024-11-24-12.36.40-A-minimalist-and-modern-header-image-for-the-website-of-a-medical-association-focused-on-clinical-immunology-and-allergology.-The-design-features-a-so.webp","type":"image\/webp"}],"twitter_card":"summary_large_image","twitter_misc":{"Predpokladan\u00fd \u010das \u010d\u00edtania":"1 min\u00fata"},"schema":{"@context":"https:\/\/schema.org","@graph":[{"@type":"WebPage","@id":"https:\/\/sakioz.sk\/","url":"https:\/\/sakioz.sk\/","name":"\u00daVOD - Spolo\u010dnos\u0165 alergol\u00f3gie a klinickej imunol\u00f3gie","isPartOf":{"@id":"https:\/\/sakioz.sk\/#website"},"primaryImageOfPage":{"@id":"https:\/\/sakioz.sk\/#primaryimage"},"image":{"@id":"https:\/\/sakioz.sk\/#primaryimage"},"thumbnailUrl":"https:\/\/sakioz.sk\/wp-content\/uploads\/2024\/11\/DALL\u00b7E-2024-11-24-12.36.40-A-minimalist-and-modern-header-image-for-the-website-of-a-medical-association-focused-on-clinical-immunology-and-allergology.-The-design-features-a-so.webp","datePublished":"2018-02-04T15:03:35+00:00","dateModified":"2024-11-24T11:38:56+00:00","breadcrumb":{"@id":"https:\/\/sakioz.sk\/#breadcrumb"},"inLanguage":"sk-SK","potentialAction":[{"@type":"ReadAction","target":["https:\/\/sakioz.sk\/"]}]},{"@type":"ImageObject","inLanguage":"sk-SK","@id":"https:\/\/sakioz.sk\/#primaryimage","url":"https:\/\/sakioz.sk\/wp-content\/uploads\/2024\/11\/DALL\u00b7E-2024-11-24-12.36.40-A-minimalist-and-modern-header-image-for-the-website-of-a-medical-association-focused-on-clinical-immunology-and-allergology.-The-design-features-a-so.webp","contentUrl":"https:\/\/sakioz.sk\/wp-content\/uploads\/2024\/11\/DALL\u00b7E-2024-11-24-12.36.40-A-minimalist-and-modern-header-image-for-the-website-of-a-medical-association-focused-on-clinical-immunology-and-allergology.-The-design-features-a-so.webp","width":1792,"height":1024},{"@type":"BreadcrumbList","@id":"https:\/\/sakioz.sk\/#breadcrumb","itemListElement":[{"@type":"ListItem","position":1,"name":"Home","item":"https:\/\/sakioz.sk\/"},{"@type":"ListItem","position":2,"name":"\u00daVOD"}]},{"@type":"WebSite","@id":"https:\/\/sakioz.sk\/#website","url":"https:\/\/sakioz.sk\/","name":"Spolo\u010dnos\u0165 alergol\u00f3gie a klinickej imunol\u00f3gie","description":"... vzdel\u00e1vame sa","potentialAction":[{"@type":"SearchAction","target":{"@type":"EntryPoint","urlTemplate":"https:\/\/sakioz.sk\/?s={search_term_string}"},"query-input":{"@type":"PropertyValueSpecification","valueRequired":true,"valueName":"search_term_string"}}],"inLanguage":"sk-SK"}]}},"_links":{"self":[{"href":"https:\/\/sakioz.sk\/index.php?rest_route=\/wp\/v2\/pages\/37","targetHints":{"allow":["GET"]}}],"collection":[{"href":"https:\/\/sakioz.sk\/index.php?rest_route=\/wp\/v2\/pages"}],"about":[{"href":"https:\/\/sakioz.sk\/index.php?rest_route=\/wp\/v2\/types\/page"}],"author":[{"embeddable":true,"href":"https:\/\/sakioz.sk\/index.php?rest_route=\/wp\/v2\/users\/1"}],"replies":[{"embeddable":true,"href":"https:\/\/sakioz.sk\/index.php?rest_route=%2Fwp%2Fv2%2Fcomments&post=37"}],"version-history":[{"count":5,"href":"https:\/\/sakioz.sk\/index.php?rest_route=\/wp\/v2\/pages\/37\/revisions"}],"predecessor-version":[{"id":270,"href":"https:\/\/sakioz.sk\/index.php?rest_route=\/wp\/v2\/pages\/37\/revisions\/270"}],"wp:featuredmedia":[{"embeddable":true,"href":"https:\/\/sakioz.sk\/index.php?rest_route=\/wp\/v2\/media\/285"}],"wp:attachment":[{"href":"https:\/\/sakioz.sk\/index.php?rest_route=%2Fwp%2Fv2%2Fmedia&parent=37"}],"curies":[{"name":"wp","href":"https:\/\/api.w.org\/{rel}","templated":true}]}}