{"id":2,"date":"2018-02-04T12:00:32","date_gmt":"2018-02-04T11:00:32","guid":{"rendered":"http:\/\/sakioz.sk\/?page_id=2"},"modified":"2018-02-05T22:17:57","modified_gmt":"2018-02-05T21:17:57","slug":"ukazka-strany","status":"publish","type":"page","link":"https:\/\/sakioz.sk\/?page_id=2","title":{"rendered":"KTO SME ?"},"content":{"rendered":"<h1>Vitajte na na\u0161ich str\u00e1nkach<\/h1>\n<p>Sme ob\u010dianske zdru\u017eenie zameran\u00e9 na podporu vzdel\u00e1vania profesion\u00e1lov v oblasti alergol\u00f3gie a imunol\u00f3gie. Tento dynamick\u00fd odbor prin\u00e1\u0161a ka\u017edoro\u010dne mnoho nov\u00fdch objavov. \u00dalohou n\u00e1\u0161ho zdru\u017eenia je, aby sa aktu\u00e1lne trendy v odbore dost\u00e1vali do povedomia slovenskej odbornej verejnosti a n\u00e1sledne aj k na\u0161im pacientom. K zakladaj\u00facim \u010dlenom zdru\u017eenia patria nielen najv\u00fdznamnej\u0161\u00ed imunoalergol\u00f3govia z akademick\u00e9ho prostredia, ktor\u00ed s\u00fa zodpovedn\u00ed za postgradu\u00e1lne vzdel\u00e1vanie na Slovensku, ale aj lek\u00e1ri z ambulantnej praxe. Zdru\u017eenie tak vytv\u00e1ra optim\u00e1lne podmienky na v\u00fdmenu n\u00e1zorov a vz\u00e1jomn\u00fa diskusiu medzi oboma skupinami \u0161pecialistov. Ver\u00edme, \u017ee pripravovan\u00e9 odborn\u00e9 podujatia, o ktor\u00fdch V\u00e1s budeme priebe\u017ene informova\u0165 na na\u0161ich str\u00e1nkach, V\u00e1s zaujm\u00fa a stan\u00fa sa ob\u013e\u00fabenou s\u00fa\u010das\u0165ou V\u00e1\u0161ho vzdel\u00e1vacieho kalend\u00e1ra a nielen povinnos\u0165ou vypl\u00fdvaj\u00facou z legislat\u00edvy.<\/p>\n<p style=\"text-align: right;\">Dovidenia na niektorom z na\u0161ich podujat\u00ed,<\/p>\n<p style=\"text-align: right;\">MUDr. Radovan Ko\u0161turiak, PhD.<\/p>\n","protected":false},"excerpt":{"rendered":"<p>Vitajte na na\u0161ich str\u00e1nkach Sme ob\u010dianske zdru\u017eenie zameran\u00e9 na podporu vzdel\u00e1vania profesion\u00e1lov v oblasti alergol\u00f3gie a imunol\u00f3gie. Tento dynamick\u00fd odbor &hellip; <\/p>\n","protected":false},"author":1,"featured_media":0,"parent":0,"menu_order":0,"comment_status":"closed","ping_status":"closed","template":"","meta":{"footnotes":""},"class_list":["post-2","page","type-page","status-publish","hentry"],"yoast_head":"<!-- This site is optimized with the Yoast SEO plugin v25.9 - https:\/\/yoast.com\/wordpress\/plugins\/seo\/ -->\n<title>KTO SME ? - Spolo\u010dnos\u0165 alergol\u00f3gie a klinickej imunol\u00f3gie<\/title>\n<meta name=\"robots\" content=\"index, follow, max-snippet:-1, max-image-preview:large, max-video-preview:-1\" \/>\n<link rel=\"canonical\" href=\"https:\/\/sakioz.sk\/?page_id=2\" \/>\n<meta property=\"og:locale\" content=\"sk_SK\" \/>\n<meta property=\"og:type\" content=\"article\" \/>\n<meta property=\"og:title\" content=\"KTO SME ? - Spolo\u010dnos\u0165 alergol\u00f3gie a klinickej imunol\u00f3gie\" \/>\n<meta property=\"og:description\" content=\"Vitajte na na\u0161ich str\u00e1nkach Sme ob\u010dianske zdru\u017eenie zameran\u00e9 na podporu vzdel\u00e1vania profesion\u00e1lov v oblasti alergol\u00f3gie a imunol\u00f3gie. Tento dynamick\u00fd odbor &hellip;\" \/>\n<meta property=\"og:url\" content=\"https:\/\/sakioz.sk\/?page_id=2\" \/>\n<meta property=\"og:site_name\" content=\"Spolo\u010dnos\u0165 alergol\u00f3gie a klinickej imunol\u00f3gie\" \/>\n<meta property=\"article:modified_time\" content=\"2018-02-05T21:17:57+00:00\" \/>\n<meta name=\"twitter:card\" content=\"summary_large_image\" \/>\n<meta name=\"twitter:label1\" content=\"Predpokladan\u00fd \u010das \u010d\u00edtania\" \/>\n\t<meta name=\"twitter:data1\" content=\"1 min\u00fata\" \/>\n<script type=\"application\/ld+json\" class=\"yoast-schema-graph\">{\"@context\":\"https:\/\/schema.org\",\"@graph\":[{\"@type\":\"WebPage\",\"@id\":\"https:\/\/sakioz.sk\/?page_id=2\",\"url\":\"https:\/\/sakioz.sk\/?page_id=2\",\"name\":\"KTO SME ? - Spolo\u010dnos\u0165 alergol\u00f3gie a klinickej imunol\u00f3gie\",\"isPartOf\":{\"@id\":\"https:\/\/sakioz.sk\/#website\"},\"datePublished\":\"2018-02-04T11:00:32+00:00\",\"dateModified\":\"2018-02-05T21:17:57+00:00\",\"breadcrumb\":{\"@id\":\"https:\/\/sakioz.sk\/?page_id=2#breadcrumb\"},\"inLanguage\":\"sk-SK\",\"potentialAction\":[{\"@type\":\"ReadAction\",\"target\":[\"https:\/\/sakioz.sk\/?page_id=2\"]}]},{\"@type\":\"BreadcrumbList\",\"@id\":\"https:\/\/sakioz.sk\/?page_id=2#breadcrumb\",\"itemListElement\":[{\"@type\":\"ListItem\",\"position\":1,\"name\":\"Home\",\"item\":\"https:\/\/sakioz.sk\/\"},{\"@type\":\"ListItem\",\"position\":2,\"name\":\"KTO SME ?\"}]},{\"@type\":\"WebSite\",\"@id\":\"https:\/\/sakioz.sk\/#website\",\"url\":\"https:\/\/sakioz.sk\/\",\"name\":\"Spolo\u010dnos\u0165 alergol\u00f3gie a klinickej imunol\u00f3gie\",\"description\":\"... vzdel\u00e1vame sa\",\"potentialAction\":[{\"@type\":\"SearchAction\",\"target\":{\"@type\":\"EntryPoint\",\"urlTemplate\":\"https:\/\/sakioz.sk\/?s={search_term_string}\"},\"query-input\":{\"@type\":\"PropertyValueSpecification\",\"valueRequired\":true,\"valueName\":\"search_term_string\"}}],\"inLanguage\":\"sk-SK\"}]}<\/script>\n<!-- \/ Yoast SEO plugin. -->","yoast_head_json":{"title":"KTO SME ? - Spolo\u010dnos\u0165 alergol\u00f3gie a klinickej imunol\u00f3gie","robots":{"index":"index","follow":"follow","max-snippet":"max-snippet:-1","max-image-preview":"max-image-preview:large","max-video-preview":"max-video-preview:-1"},"canonical":"https:\/\/sakioz.sk\/?page_id=2","og_locale":"sk_SK","og_type":"article","og_title":"KTO SME ? - Spolo\u010dnos\u0165 alergol\u00f3gie a klinickej imunol\u00f3gie","og_description":"Vitajte na na\u0161ich str\u00e1nkach Sme ob\u010dianske zdru\u017eenie zameran\u00e9 na podporu vzdel\u00e1vania profesion\u00e1lov v oblasti alergol\u00f3gie a imunol\u00f3gie. Tento dynamick\u00fd odbor &hellip;","og_url":"https:\/\/sakioz.sk\/?page_id=2","og_site_name":"Spolo\u010dnos\u0165 alergol\u00f3gie a klinickej imunol\u00f3gie","article_modified_time":"2018-02-05T21:17:57+00:00","twitter_card":"summary_large_image","twitter_misc":{"Predpokladan\u00fd \u010das \u010d\u00edtania":"1 min\u00fata"},"schema":{"@context":"https:\/\/schema.org","@graph":[{"@type":"WebPage","@id":"https:\/\/sakioz.sk\/?page_id=2","url":"https:\/\/sakioz.sk\/?page_id=2","name":"KTO SME ? - Spolo\u010dnos\u0165 alergol\u00f3gie a klinickej imunol\u00f3gie","isPartOf":{"@id":"https:\/\/sakioz.sk\/#website"},"datePublished":"2018-02-04T11:00:32+00:00","dateModified":"2018-02-05T21:17:57+00:00","breadcrumb":{"@id":"https:\/\/sakioz.sk\/?page_id=2#breadcrumb"},"inLanguage":"sk-SK","potentialAction":[{"@type":"ReadAction","target":["https:\/\/sakioz.sk\/?page_id=2"]}]},{"@type":"BreadcrumbList","@id":"https:\/\/sakioz.sk\/?page_id=2#breadcrumb","itemListElement":[{"@type":"ListItem","position":1,"name":"Home","item":"https:\/\/sakioz.sk\/"},{"@type":"ListItem","position":2,"name":"KTO SME ?"}]},{"@type":"WebSite","@id":"https:\/\/sakioz.sk\/#website","url":"https:\/\/sakioz.sk\/","name":"Spolo\u010dnos\u0165 alergol\u00f3gie a klinickej imunol\u00f3gie","description":"... vzdel\u00e1vame sa","potentialAction":[{"@type":"SearchAction","target":{"@type":"EntryPoint","urlTemplate":"https:\/\/sakioz.sk\/?s={search_term_string}"},"query-input":{"@type":"PropertyValueSpecification","valueRequired":true,"valueName":"search_term_string"}}],"inLanguage":"sk-SK"}]}},"_links":{"self":[{"href":"https:\/\/sakioz.sk\/index.php?rest_route=\/wp\/v2\/pages\/2","targetHints":{"allow":["GET"]}}],"collection":[{"href":"https:\/\/sakioz.sk\/index.php?rest_route=\/wp\/v2\/pages"}],"about":[{"href":"https:\/\/sakioz.sk\/index.php?rest_route=\/wp\/v2\/types\/page"}],"author":[{"embeddable":true,"href":"https:\/\/sakioz.sk\/index.php?rest_route=\/wp\/v2\/users\/1"}],"replies":[{"embeddable":true,"href":"https:\/\/sakioz.sk\/index.php?rest_route=%2Fwp%2Fv2%2Fcomments&post=2"}],"version-history":[{"count":6,"href":"https:\/\/sakioz.sk\/index.php?rest_route=\/wp\/v2\/pages\/2\/revisions"}],"predecessor-version":[{"id":102,"href":"https:\/\/sakioz.sk\/index.php?rest_route=\/wp\/v2\/pages\/2\/revisions\/102"}],"wp:attachment":[{"href":"https:\/\/sakioz.sk\/index.php?rest_route=%2Fwp%2Fv2%2Fmedia&parent=2"}],"curies":[{"name":"wp","href":"https:\/\/api.w.org\/{rel}","templated":true}]}}